{"id":127,"date":"2020-04-09T18:53:48","date_gmt":"2020-04-09T16:53:48","guid":{"rendered":"https:\/\/lacorte.hu\/wp53\/?page_id=127"},"modified":"2025-09-09T14:37:13","modified_gmt":"2025-09-09T12:37:13","slug":"adattovabbitasi-nyilatkozat-simplepay-onlinefizetes-eseten","status":"publish","type":"page","link":"https:\/\/lacorte.hu\/wp53\/adattovabbitasi-nyilatkozat-simplepay-onlinefizetes-eseten\/","title":{"rendered":"Simplepay adattov\u00e1bb\u00edt\u00e1si nyilatkozat"},"content":{"rendered":"\n<p>\u201eElfogadom, hogy a La Corte Kft. (1091 Bp., Ifj\u00famunk\u00e1s u. 6.) \u00e1ltal a lacorte.hu felhaszn\u00e1l\u00f3i adatb\u00e1zis\u00e1ban t\u00e1rolt al\u00e1bbi szem\u00e9lyes adataim \u00e1tad\u00e1sra ker\u00fcljenek a SimplePay Zrt., (1138 Budapest, V\u00e1ci \u00fat 135-139.), mint adatkezel\u0151 r\u00e9sz\u00e9re. A tov\u00e1bb\u00edtott adatok k\u00f6re: felhaszn\u00e1l\u00f3n\u00e9v, vezet\u00e9kn\u00e9v, keresztn\u00e9v, orsz\u00e1g, telefonsz\u00e1m, e-mail c\u00edm.<\/p>\n\n\n\n<p><em>Az adattov\u00e1bb\u00edt\u00e1s c\u00e9lja: a felhaszn\u00e1l\u00f3k r\u00e9sz\u00e9re t\u00f6rt\u00e9n\u0151 \u00fcgyf\u00e9lszolg\u00e1lati seg\u00edts\u00e9gny\u00fajt\u00e1s, a tranzakci\u00f3k visszaigazol\u00e1sa \u00e9s a felhaszn\u00e1l\u00f3k v\u00e9delme \u00e9rdek\u00e9ben v\u00e9gzett fraud-monitoring.<\/em><\/p>\n\n\n\n<p>B\u0151vebb inform\u00e1ci\u00f3:  http:\/\/simplepay.hu\/vasarlo-aff <\/p>\n","protected":false},"excerpt":{"rendered":"<p>\u201eElfogadom, hogy a La Corte Kft. (1091 Bp., Ifj\u00famunk\u00e1s u. 6.) \u00e1ltal a lacorte.hu felhaszn\u00e1l\u00f3i adatb\u00e1zis\u00e1ban t\u00e1rolt al\u00e1bbi<\/p>\n","protected":false},"author":1,"featured_media":0,"parent":0,"menu_order":0,"comment_status":"closed","ping_status":"closed","template":"","meta":{"footnotes":""},"class_list":["post-127","page","type-page","status-publish","hentry"],"_links":{"self":[{"href":"https:\/\/lacorte.hu\/wp53\/wp-json\/wp\/v2\/pages\/127","targetHints":{"allow":["GET"]}}],"collection":[{"href":"https:\/\/lacorte.hu\/wp53\/wp-json\/wp\/v2\/pages"}],"about":[{"href":"https:\/\/lacorte.hu\/wp53\/wp-json\/wp\/v2\/types\/page"}],"author":[{"embeddable":true,"href":"https:\/\/lacorte.hu\/wp53\/wp-json\/wp\/v2\/users\/1"}],"replies":[{"embeddable":true,"href":"https:\/\/lacorte.hu\/wp53\/wp-json\/wp\/v2\/comments?post=127"}],"version-history":[{"count":5,"href":"https:\/\/lacorte.hu\/wp53\/wp-json\/wp\/v2\/pages\/127\/revisions"}],"predecessor-version":[{"id":46895,"href":"https:\/\/lacorte.hu\/wp53\/wp-json\/wp\/v2\/pages\/127\/revisions\/46895"}],"wp:attachment":[{"href":"https:\/\/lacorte.hu\/wp53\/wp-json\/wp\/v2\/media?parent=127"}],"curies":[{"name":"wp","href":"https:\/\/api.w.org\/{rel}","templated":true}]}}