{"id":28671,"date":"2023-05-25T21:33:06","date_gmt":"2023-05-25T19:33:06","guid":{"rendered":"https:\/\/lacorte.hu\/wp53\/?page_id=28671"},"modified":"2023-06-01T17:54:47","modified_gmt":"2023-06-01T15:54:47","slug":"rendezvenyterem","status":"publish","type":"page","link":"https:\/\/lacorte.hu\/wp53\/rendezvenyterem\/","title":{"rendered":"Rendezv\u00e9nyterem"},"content":{"rendered":"\n<p>\u00dcdv\u00f6z\u00f6lj\u00fck az \u00e9tterm\u00fcnk rendezv\u00e9nyterm\u00e9ben!<\/p>\n\n\n\n<p>\u00d6r\u00f6mmel t\u00e1j\u00e9koztatjuk vend\u00e9geinket, hogy 2022-ben megnyitottuk az \u00e9tterm\u00fcnk rendezv\u00e9nyterm\u00e9t, amely lehet\u0151s\u00e9get ny\u00fajt k\u00fcl\u00f6nleges alkalmak meg\u00fcnnepl\u00e9s\u00e9re \u00e9s esem\u00e9nyek megszervez\u00e9s\u00e9re. Az \u00faj helyis\u00e9ggel \u00fajabb dimenzi\u00f3t adunk \u00e9tterem\u00fcnk m\u00e1r megszokott vend\u00e9gszeretet\u00e9hez \u00e9s magas sz\u00ednvonal\u00fa kiszolg\u00e1l\u00e1s\u00e1hoz.<\/p>\n\n\n\n<p>Legyen sz\u00f3 sz\u00fclet\u00e9snapi bulir\u00f3l, csal\u00e1di \u00f6sszej\u00f6vetelr\u0151l, c\u00e9ges rendezv\u00e9nyr\u0151l, konferenci\u00e1r\u00f3l vagy b\u00e1rmilyen m\u00e1s alkalmr\u00f3l, t\u00f6k\u00e9letes helysz\u00ednt biztos\u00edt a kiv\u00e1l\u00f3 min\u0151s\u00e9g\u0171 \u00e9tel- \u00e9s italk\u00edn\u00e1latunkkal egy\u00fctt. Az \u00e9tterem mellett elhelyezked\u0151 eleg\u00e1ns rendezv\u00e9nyterem t\u00e1gas helyet k\u00edn\u00e1l a vend\u00e9gek k\u00e9nyelm\u00e9nek \u00e9s j\u00f3 hangulat\u00e1nak biztos\u00edt\u00e1s\u00e1ra.  Multim\u00e9dia fal biztos\u00edt lehet\u0151s\u00e9get vide\u00f3k, f\u00e9nyk\u00e9pek, powerpoint vet\u00edt\u00e9s\u00e9re, valamint kedvenc zen\u00e9ik min\u0151s\u00e9gi lej\u00e1tsz\u00e1s\u00e1ra.<\/p>\n\n\n\n<p>Csapatunk tapasztalt \u00e9s lelkes tagjai gondoskodnak a rendezv\u00e9ny zavartalan lebonyol\u00edt\u00e1s\u00e1r\u00f3l. Seg\u00edt\u00fcnk az esem\u00e9ny r\u00e9szleteinek kidolgoz\u00e1s\u00e1ban, az \u00e9tel- \u00e9s italv\u00e1laszt\u00e1sban, valamint a dekor\u00e1ci\u00f3 kialak\u00edt\u00e1s\u00e1ban. Mindent megtesz\u00fcnk az\u00e9rt, hogy vend\u00e9geink eml\u00e9kezetes \u00e9lm\u00e9nyekkel t\u00e1vozzanak rendezv\u00e9ny\u00fckr\u0151l.<\/p>\n\n\n\n<p>B\u00e1rmilyen esem\u00e9ny szervez\u00e9s\u00e9vel keresnek meg minket, garant\u00e1ljuk, hogy rendezv\u00e9ny\u00fcnk az \u00d6n ig\u00e9nyeihez igazodva felejthetetlen \u00e9lm\u00e9nyekkel gazdag\u00edtja \u00d6n\u00f6ket.<\/p>\n\n\n\n<p> Amennyiben felkeltett\u00fck \u00e9rdekl\u0151d\u00e9s\u00e9t, keressen minket bizalommal az al\u00e1bbi telefonsz\u00e1mon.<\/p>\n\n\n\n<p>+3620 319 89 00  \/  +3630 568 27 85<\/p>\n\n\n\n<div class=\"wp-block-group is-layout-flow wp-block-group-is-layout-flow\"><div class=\"wp-block-group__inner-container\"><\/div><\/div>\n\n\n\n<div class=\"wp-block-image is-style-circle-mask\"><figure class=\"alignleft size-large is-resized\"><img loading=\"lazy\" decoding=\"async\" src=\"https:\/\/lacorte.hu\/wp53\/wp-content\/uploads\/2023\/05\/IMG_20220902_195531-1024x612.jpg\" alt=\"\" class=\"wp-image-28675\" width=\"424\" height=\"253\" srcset=\"https:\/\/lacorte.hu\/wp53\/wp-content\/uploads\/2023\/05\/IMG_20220902_195531-1024x612.jpg 1024w, https:\/\/lacorte.hu\/wp53\/wp-content\/uploads\/2023\/05\/IMG_20220902_195531-600x359.jpg 600w, https:\/\/lacorte.hu\/wp53\/wp-content\/uploads\/2023\/05\/IMG_20220902_195531-300x179.jpg 300w, https:\/\/lacorte.hu\/wp53\/wp-content\/uploads\/2023\/05\/IMG_20220902_195531-768x459.jpg 768w, https:\/\/lacorte.hu\/wp53\/wp-content\/uploads\/2023\/05\/IMG_20220902_195531-1536x918.jpg 1536w, https:\/\/lacorte.hu\/wp53\/wp-content\/uploads\/2023\/05\/IMG_20220902_195531-2048x1224.jpg 2048w, https:\/\/lacorte.hu\/wp53\/wp-content\/uploads\/2023\/05\/IMG_20220902_195531-200x120.jpg 200w\" sizes=\"auto, (max-width: 424px) 100vw, 424px\" \/><figcaption>Pr\u00e9mium hidegt\u00e1lak, sz\u00e1mos meleg\u00e9tel k\u00edn\u00e1lat mellett<\/figcaption><\/figure><\/div>\n\n\n\n<div class=\"wp-block-image is-style-circle-mask\"><figure class=\"alignright size-large is-resized\"><img loading=\"lazy\" decoding=\"async\" src=\"https:\/\/lacorte.hu\/wp53\/wp-content\/uploads\/2023\/05\/IMG_20221119_192122-1024x768.jpg\" alt=\"\" class=\"wp-image-28687\" width=\"411\" height=\"309\" srcset=\"https:\/\/lacorte.hu\/wp53\/wp-content\/uploads\/2023\/05\/IMG_20221119_192122-1024x768.jpg 1024w, https:\/\/lacorte.hu\/wp53\/wp-content\/uploads\/2023\/05\/IMG_20221119_192122-600x450.jpg 600w, https:\/\/lacorte.hu\/wp53\/wp-content\/uploads\/2023\/05\/IMG_20221119_192122-300x225.jpg 300w, https:\/\/lacorte.hu\/wp53\/wp-content\/uploads\/2023\/05\/IMG_20221119_192122-768x576.jpg 768w, https:\/\/lacorte.hu\/wp53\/wp-content\/uploads\/2023\/05\/IMG_20221119_192122-1536x1152.jpg 1536w, https:\/\/lacorte.hu\/wp53\/wp-content\/uploads\/2023\/05\/IMG_20221119_192122-2048x1536.jpg 2048w, https:\/\/lacorte.hu\/wp53\/wp-content\/uploads\/2023\/05\/IMG_20221119_192122-200x150.jpg 200w\" sizes=\"auto, (max-width: 411px) 100vw, 411px\" \/><figcaption>A hangulatot fokozz\u00e1k a robotl\u00e1mp\u00e1k \u00e9s m\u00e1s f\u00e9nytechnikai eszk\u00f6z\u00f6k<\/figcaption><\/figure><\/div>\n\n\n\n<div class=\"wp-block-image is-style-circle-mask\"><figure class=\"alignleft size-large is-resized\"><img loading=\"lazy\" decoding=\"async\" src=\"https:\/\/lacorte.hu\/wp53\/wp-content\/uploads\/2023\/05\/IMG_20220418_165718b-3-1024x719.jpg\" alt=\"\" class=\"wp-image-28690\" width=\"426\" height=\"299\" srcset=\"https:\/\/lacorte.hu\/wp53\/wp-content\/uploads\/2023\/05\/IMG_20220418_165718b-3-1024x719.jpg 1024w, https:\/\/lacorte.hu\/wp53\/wp-content\/uploads\/2023\/05\/IMG_20220418_165718b-3-600x421.jpg 600w, https:\/\/lacorte.hu\/wp53\/wp-content\/uploads\/2023\/05\/IMG_20220418_165718b-3-300x211.jpg 300w, https:\/\/lacorte.hu\/wp53\/wp-content\/uploads\/2023\/05\/IMG_20220418_165718b-3-768x539.jpg 768w, https:\/\/lacorte.hu\/wp53\/wp-content\/uploads\/2023\/05\/IMG_20220418_165718b-3-1536x1078.jpg 1536w, https:\/\/lacorte.hu\/wp53\/wp-content\/uploads\/2023\/05\/IMG_20220418_165718b-3-2048x1437.jpg 2048w, https:\/\/lacorte.hu\/wp53\/wp-content\/uploads\/2023\/05\/IMG_20220418_165718b-3-200x140.jpg 200w\" sizes=\"auto, (max-width: 426px) 100vw, 426px\" \/><figcaption>60 f\u0151s \u00fcl\u0151hely vagy 80 f\u00e9r\u0151helyes \u00e1ll\u00f3 fogad\u00e1s<\/figcaption><\/figure><\/div>\n\n\n\n<div class=\"wp-block-image is-style-circle-mask\"><figure class=\"alignright size-large is-resized\"><img loading=\"lazy\" decoding=\"async\" src=\"https:\/\/lacorte.hu\/wp53\/wp-content\/uploads\/2023\/05\/IMG_20230525_192239-1024x768.jpg\" alt=\"\" class=\"wp-image-28696\" width=\"427\" height=\"321\" srcset=\"https:\/\/lacorte.hu\/wp53\/wp-content\/uploads\/2023\/05\/IMG_20230525_192239-1024x768.jpg 1024w, https:\/\/lacorte.hu\/wp53\/wp-content\/uploads\/2023\/05\/IMG_20230525_192239-600x450.jpg 600w, https:\/\/lacorte.hu\/wp53\/wp-content\/uploads\/2023\/05\/IMG_20230525_192239-300x225.jpg 300w, https:\/\/lacorte.hu\/wp53\/wp-content\/uploads\/2023\/05\/IMG_20230525_192239-768x576.jpg 768w, https:\/\/lacorte.hu\/wp53\/wp-content\/uploads\/2023\/05\/IMG_20230525_192239-1536x1152.jpg 1536w, https:\/\/lacorte.hu\/wp53\/wp-content\/uploads\/2023\/05\/IMG_20230525_192239-2048x1536.jpg 2048w, https:\/\/lacorte.hu\/wp53\/wp-content\/uploads\/2023\/05\/IMG_20230525_192239-200x150.jpg 200w\" sizes=\"auto, (max-width: 427px) 100vw, 427px\" \/><figcaption>Multim\u00e9dia fal a k\u00e9p \u00e9s hang biztos\u00edt\u00e1s\u00e1hoz<\/figcaption><\/figure><\/div>\n","protected":false},"excerpt":{"rendered":"<p>\u00dcdv\u00f6z\u00f6lj\u00fck az \u00e9tterm\u00fcnk rendezv\u00e9nyterm\u00e9ben! \u00d6r\u00f6mmel t\u00e1j\u00e9koztatjuk vend\u00e9geinket, hogy 2022-ben megnyitottuk az \u00e9tterm\u00fcnk rendezv\u00e9nyterm\u00e9t, amely lehet\u0151s\u00e9get ny\u00fajt k\u00fcl\u00f6nleges alkalmak<\/p>\n","protected":false},"author":1,"featured_media":0,"parent":0,"menu_order":0,"comment_status":"closed","ping_status":"closed","template":"","meta":{"footnotes":""},"class_list":["post-28671","page","type-page","status-publish","hentry"],"_links":{"self":[{"href":"https:\/\/lacorte.hu\/wp53\/wp-json\/wp\/v2\/pages\/28671","targetHints":{"allow":["GET"]}}],"collection":[{"href":"https:\/\/lacorte.hu\/wp53\/wp-json\/wp\/v2\/pages"}],"about":[{"href":"https:\/\/lacorte.hu\/wp53\/wp-json\/wp\/v2\/types\/page"}],"author":[{"embeddable":true,"href":"https:\/\/lacorte.hu\/wp53\/wp-json\/wp\/v2\/users\/1"}],"replies":[{"embeddable":true,"href":"https:\/\/lacorte.hu\/wp53\/wp-json\/wp\/v2\/comments?post=28671"}],"version-history":[{"count":18,"href":"https:\/\/lacorte.hu\/wp53\/wp-json\/wp\/v2\/pages\/28671\/revisions"}],"predecessor-version":[{"id":28875,"href":"https:\/\/lacorte.hu\/wp53\/wp-json\/wp\/v2\/pages\/28671\/revisions\/28875"}],"wp:attachment":[{"href":"https:\/\/lacorte.hu\/wp53\/wp-json\/wp\/v2\/media?parent=28671"}],"curies":[{"name":"wp","href":"https:\/\/api.w.org\/{rel}","templated":true}]}}