{"id":50589,"date":"2026-03-19T18:09:23","date_gmt":"2026-03-19T17:09:23","guid":{"rendered":"https:\/\/lacorte.hu\/wp53\/?page_id=50589"},"modified":"2026-03-19T18:09:24","modified_gmt":"2026-03-19T17:09:24","slug":"husveti-nitvatartas","status":"publish","type":"page","link":"https:\/\/lacorte.hu\/wp53\/husveti-nitvatartas\/","title":{"rendered":"H\u00fasv\u00e9ti Nitvatart\u00e1s"},"content":{"rendered":"\n<p class=\"has-text-align-center\">Kedves Vend\u00e9geink!<\/p>\n\n\n\n<p class=\"has-text-align-center\">\u00c9tterm\u00fcnk H\u00fasv\u00e9ti nyitvatart\u00e1sa:<\/p>\n\n\n\n<p class=\"has-text-align-center\">\u00c1prilis 5-\u00e9n vas\u00e1rnap:     Z\u00e1rva<\/p>\n\n\n\n<p class=\"has-text-align-center\">\u00c1prilis 6-\u00e1n h\u00e9tf\u0151n:         Z\u00e1rva<\/p>\n\n\n\n<p class=\"has-text-align-center\">Nyit\u00e1s \u00e1prilis 7-\u00e9n 10:30 kor.<\/p>\n\n\n\n<p class=\"has-text-align-center\">Kellemes H\u00fasv\u00e9ti \u00dcnnepeket K\u00edv\u00e1nunk!<\/p>\n\n\n\n<p><\/p>\n","protected":false},"excerpt":{"rendered":"<p>Kedves Vend\u00e9geink! \u00c9tterm\u00fcnk H\u00fasv\u00e9ti nyitvatart\u00e1sa: \u00c1prilis 5-\u00e9n vas\u00e1rnap: Z\u00e1rva \u00c1prilis 6-\u00e1n h\u00e9tf\u0151n: Z\u00e1rva Nyit\u00e1s \u00e1prilis 7-\u00e9n 10:30 kor.<\/p>\n","protected":false},"author":1,"featured_media":0,"parent":0,"menu_order":0,"comment_status":"closed","ping_status":"closed","template":"","meta":{"footnotes":""},"class_list":["post-50589","page","type-page","status-publish","hentry"],"_links":{"self":[{"href":"https:\/\/lacorte.hu\/wp53\/wp-json\/wp\/v2\/pages\/50589","targetHints":{"allow":["GET"]}}],"collection":[{"href":"https:\/\/lacorte.hu\/wp53\/wp-json\/wp\/v2\/pages"}],"about":[{"href":"https:\/\/lacorte.hu\/wp53\/wp-json\/wp\/v2\/types\/page"}],"author":[{"embeddable":true,"href":"https:\/\/lacorte.hu\/wp53\/wp-json\/wp\/v2\/users\/1"}],"replies":[{"embeddable":true,"href":"https:\/\/lacorte.hu\/wp53\/wp-json\/wp\/v2\/comments?post=50589"}],"version-history":[{"count":1,"href":"https:\/\/lacorte.hu\/wp53\/wp-json\/wp\/v2\/pages\/50589\/revisions"}],"predecessor-version":[{"id":50592,"href":"https:\/\/lacorte.hu\/wp53\/wp-json\/wp\/v2\/pages\/50589\/revisions\/50592"}],"wp:attachment":[{"href":"https:\/\/lacorte.hu\/wp53\/wp-json\/wp\/v2\/media?parent=50589"}],"curies":[{"name":"wp","href":"https:\/\/api.w.org\/{rel}","templated":true}]}}