{"id":17078,"date":"2022-01-14T20:50:18","date_gmt":"2022-01-14T19:50:18","guid":{"rendered":"https:\/\/lacorte.hu\/wp53\/?post_type=product&#038;p=17078"},"modified":"2026-04-11T10:27:10","modified_gmt":"2026-04-11T08:27:10","slug":"magyaros-pizza","status":"publish","type":"product","link":"https:\/\/lacorte.hu\/wp53\/termek\/magyaros-pizza\/","title":{"rendered":"Magyaros pizza"},"content":{"rendered":"","protected":false},"excerpt":{"rendered":"<p>Paradicsomos alap, sajt, bacon, kolb\u00e1sz, v\u00f6r\u00f6shagyma, z\u00f6ldpaprika<\/p>\n","protected":false},"featured_media":17082,"template":"","meta":[],"product_brand":[],"product_cat":[18],"product_tag":[],"class_list":{"0":"post-17078","1":"product","2":"type-product","3":"status-publish","4":"has-post-thumbnail","6":"product_cat-pizzak","8":"first","9":"instock","10":"shipping-taxable","11":"purchasable","12":"product-type-variable","13":"berocket_lgv_grid","14":"berocket_lgv_list_grid"},"_links":{"self":[{"href":"https:\/\/lacorte.hu\/wp53\/wp-json\/wp\/v2\/product\/17078","targetHints":{"allow":["GET"]}}],"collection":[{"href":"https:\/\/lacorte.hu\/wp53\/wp-json\/wp\/v2\/product"}],"about":[{"href":"https:\/\/lacorte.hu\/wp53\/wp-json\/wp\/v2\/types\/product"}],"wp:featuredmedia":[{"embeddable":true,"href":"https:\/\/lacorte.hu\/wp53\/wp-json\/wp\/v2\/media\/17082"}],"wp:attachment":[{"href":"https:\/\/lacorte.hu\/wp53\/wp-json\/wp\/v2\/media?parent=17078"}],"wp:term":[{"taxonomy":"product_brand","embeddable":true,"href":"https:\/\/lacorte.hu\/wp53\/wp-json\/wp\/v2\/product_brand?post=17078"},{"taxonomy":"product_cat","embeddable":true,"href":"https:\/\/lacorte.hu\/wp53\/wp-json\/wp\/v2\/product_cat?post=17078"},{"taxonomy":"product_tag","embeddable":true,"href":"https:\/\/lacorte.hu\/wp53\/wp-json\/wp\/v2\/product_tag?post=17078"}],"curies":[{"name":"wp","href":"https:\/\/api.w.org\/{rel}","templated":true}]}}