{"id":20716,"date":"2022-06-01T10:50:14","date_gmt":"2022-06-01T08:50:14","guid":{"rendered":"https:\/\/lacorte.hu\/wp53\/?post_type=product&#038;p=20716"},"modified":"2025-10-01T11:14:02","modified_gmt":"2025-10-01T09:14:02","slug":"cherry-coke-033l-dobozos","status":"publish","type":"product","link":"https:\/\/lacorte.hu\/wp53\/termek\/cherry-coke-033l-dobozos\/","title":{"rendered":"Cherry Coke 0,33l dobozos"},"content":{"rendered":"","protected":false},"excerpt":{"rendered":"<p>Kiz\u00e1r\u00f3lag h\u00e1zhozsz\u00e1ll\u00edt\u00e1sra vonatkoz\u00f3 \u00e1r<\/p>\n","protected":false},"featured_media":20717,"template":"","meta":[],"product_brand":[],"product_cat":[35],"product_tag":[],"class_list":{"0":"post-20716","1":"product","2":"type-product","3":"status-publish","4":"has-post-thumbnail","6":"product_cat-uditok","8":"first","9":"instock","10":"shipping-taxable","11":"purchasable","12":"product-type-simple","13":"berocket_lgv_grid","14":"berocket_lgv_list_grid"},"_links":{"self":[{"href":"https:\/\/lacorte.hu\/wp53\/wp-json\/wp\/v2\/product\/20716","targetHints":{"allow":["GET"]}}],"collection":[{"href":"https:\/\/lacorte.hu\/wp53\/wp-json\/wp\/v2\/product"}],"about":[{"href":"https:\/\/lacorte.hu\/wp53\/wp-json\/wp\/v2\/types\/product"}],"wp:featuredmedia":[{"embeddable":true,"href":"https:\/\/lacorte.hu\/wp53\/wp-json\/wp\/v2\/media\/20717"}],"wp:attachment":[{"href":"https:\/\/lacorte.hu\/wp53\/wp-json\/wp\/v2\/media?parent=20716"}],"wp:term":[{"taxonomy":"product_brand","embeddable":true,"href":"https:\/\/lacorte.hu\/wp53\/wp-json\/wp\/v2\/product_brand?post=20716"},{"taxonomy":"product_cat","embeddable":true,"href":"https:\/\/lacorte.hu\/wp53\/wp-json\/wp\/v2\/product_cat?post=20716"},{"taxonomy":"product_tag","embeddable":true,"href":"https:\/\/lacorte.hu\/wp53\/wp-json\/wp\/v2\/product_tag?post=20716"}],"curies":[{"name":"wp","href":"https:\/\/api.w.org\/{rel}","templated":true}]}}