{"id":209,"date":"2020-04-10T15:29:54","date_gmt":"2020-04-10T13:29:54","guid":{"rendered":"https:\/\/lacorte.hu\/wp53\/?post_type=product&#038;p=209"},"modified":"2025-12-27T14:26:05","modified_gmt":"2025-12-27T13:26:05","slug":"kemences-penne-paradicsomosan","status":"publish","type":"product","link":"https:\/\/lacorte.hu\/wp53\/termek\/kemences-penne-paradicsomosan\/","title":{"rendered":"Kemenc\u00e9s penne paradicsomosan"},"content":{"rendered":"","protected":false},"excerpt":{"rendered":"<p>F\u0171szeres paradicsomsz\u00f3sz, penne, csirkemell cs\u00edkok, feta sajt, bacon, kemenc\u00e9ben s\u00fctve<\/p>\n","protected":false},"featured_media":13459,"template":"","meta":[],"product_brand":[],"product_cat":[22],"product_tag":[],"class_list":{"0":"post-209","1":"product","2":"type-product","3":"status-publish","4":"has-post-thumbnail","6":"product_cat-tesztak","8":"first","9":"instock","10":"shipping-taxable","11":"purchasable","12":"product-type-simple","13":"berocket_lgv_grid","14":"berocket_lgv_list_grid"},"_links":{"self":[{"href":"https:\/\/lacorte.hu\/wp53\/wp-json\/wp\/v2\/product\/209","targetHints":{"allow":["GET"]}}],"collection":[{"href":"https:\/\/lacorte.hu\/wp53\/wp-json\/wp\/v2\/product"}],"about":[{"href":"https:\/\/lacorte.hu\/wp53\/wp-json\/wp\/v2\/types\/product"}],"wp:featuredmedia":[{"embeddable":true,"href":"https:\/\/lacorte.hu\/wp53\/wp-json\/wp\/v2\/media\/13459"}],"wp:attachment":[{"href":"https:\/\/lacorte.hu\/wp53\/wp-json\/wp\/v2\/media?parent=209"}],"wp:term":[{"taxonomy":"product_brand","embeddable":true,"href":"https:\/\/lacorte.hu\/wp53\/wp-json\/wp\/v2\/product_brand?post=209"},{"taxonomy":"product_cat","embeddable":true,"href":"https:\/\/lacorte.hu\/wp53\/wp-json\/wp\/v2\/product_cat?post=209"},{"taxonomy":"product_tag","embeddable":true,"href":"https:\/\/lacorte.hu\/wp53\/wp-json\/wp\/v2\/product_tag?post=209"}],"curies":[{"name":"wp","href":"https:\/\/api.w.org\/{rel}","templated":true}]}}