{"id":210,"date":"2020-04-10T15:30:47","date_gmt":"2020-04-10T13:30:47","guid":{"rendered":"https:\/\/lacorte.hu\/wp53\/?post_type=product&#038;p=210"},"modified":"2025-12-27T14:26:05","modified_gmt":"2025-12-27T13:26:05","slug":"kemences-penne","status":"publish","type":"product","link":"https:\/\/lacorte.hu\/wp53\/termek\/kemences-penne\/","title":{"rendered":"Kemenc\u00e9s penne"},"content":{"rendered":"","protected":false},"excerpt":{"rendered":"<p>Tejf\u00f6l\u00f6s must\u00e1ros csirke baconnel, lilahagym\u00e1val, kaliforniai paprik\u00e1val<\/p>\n","protected":false},"featured_media":13595,"template":"","meta":[],"product_brand":[],"product_cat":[22],"product_tag":[],"class_list":{"0":"post-210","1":"product","2":"type-product","3":"status-publish","4":"has-post-thumbnail","6":"product_cat-tesztak","8":"first","9":"instock","10":"shipping-taxable","11":"purchasable","12":"product-type-simple","13":"berocket_lgv_grid","14":"berocket_lgv_list_grid"},"_links":{"self":[{"href":"https:\/\/lacorte.hu\/wp53\/wp-json\/wp\/v2\/product\/210","targetHints":{"allow":["GET"]}}],"collection":[{"href":"https:\/\/lacorte.hu\/wp53\/wp-json\/wp\/v2\/product"}],"about":[{"href":"https:\/\/lacorte.hu\/wp53\/wp-json\/wp\/v2\/types\/product"}],"wp:featuredmedia":[{"embeddable":true,"href":"https:\/\/lacorte.hu\/wp53\/wp-json\/wp\/v2\/media\/13595"}],"wp:attachment":[{"href":"https:\/\/lacorte.hu\/wp53\/wp-json\/wp\/v2\/media?parent=210"}],"wp:term":[{"taxonomy":"product_brand","embeddable":true,"href":"https:\/\/lacorte.hu\/wp53\/wp-json\/wp\/v2\/product_brand?post=210"},{"taxonomy":"product_cat","embeddable":true,"href":"https:\/\/lacorte.hu\/wp53\/wp-json\/wp\/v2\/product_cat?post=210"},{"taxonomy":"product_tag","embeddable":true,"href":"https:\/\/lacorte.hu\/wp53\/wp-json\/wp\/v2\/product_tag?post=210"}],"curies":[{"name":"wp","href":"https:\/\/api.w.org\/{rel}","templated":true}]}}