{"id":330,"date":"2020-04-15T20:33:06","date_gmt":"2020-04-15T18:33:06","guid":{"rendered":"https:\/\/lacorte.hu\/wp53\/?post_type=product&#038;p=330"},"modified":"2026-03-05T15:20:59","modified_gmt":"2026-03-05T14:20:59","slug":"danaosz-toltott-cipo","status":"publish","type":"product","link":"https:\/\/lacorte.hu\/wp53\/termek\/danaosz-toltott-cipo\/","title":{"rendered":"Danaosz t\u00f6lt\u00f6tt cip\u00f3"},"content":{"rendered":"","protected":false},"excerpt":{"rendered":"<p>grillezett kecskesajt, j\u00e9gsal\u00e1ta, paradicsom, paprika, k\u00edgy\u00f3uborka, ol\u00edvabogy\u00f3, joghurtos \u00f6ntet<\/p>\n","protected":false},"featured_media":14856,"template":"","meta":[],"product_brand":[],"product_cat":[20,24],"product_tag":[],"class_list":{"0":"post-330","1":"product","2":"type-product","3":"status-publish","4":"has-post-thumbnail","6":"product_cat-toltott-cipok","7":"product_cat-vegetarianus-etelek","9":"first","10":"instock","11":"shipping-taxable","12":"purchasable","13":"product-type-variable","14":"berocket_lgv_grid","15":"berocket_lgv_list_grid"},"_links":{"self":[{"href":"https:\/\/lacorte.hu\/wp53\/wp-json\/wp\/v2\/product\/330","targetHints":{"allow":["GET"]}}],"collection":[{"href":"https:\/\/lacorte.hu\/wp53\/wp-json\/wp\/v2\/product"}],"about":[{"href":"https:\/\/lacorte.hu\/wp53\/wp-json\/wp\/v2\/types\/product"}],"wp:featuredmedia":[{"embeddable":true,"href":"https:\/\/lacorte.hu\/wp53\/wp-json\/wp\/v2\/media\/14856"}],"wp:attachment":[{"href":"https:\/\/lacorte.hu\/wp53\/wp-json\/wp\/v2\/media?parent=330"}],"wp:term":[{"taxonomy":"product_brand","embeddable":true,"href":"https:\/\/lacorte.hu\/wp53\/wp-json\/wp\/v2\/product_brand?post=330"},{"taxonomy":"product_cat","embeddable":true,"href":"https:\/\/lacorte.hu\/wp53\/wp-json\/wp\/v2\/product_cat?post=330"},{"taxonomy":"product_tag","embeddable":true,"href":"https:\/\/lacorte.hu\/wp53\/wp-json\/wp\/v2\/product_tag?post=330"}],"curies":[{"name":"wp","href":"https:\/\/api.w.org\/{rel}","templated":true}]}}