{"id":333,"date":"2020-04-15T20:40:56","date_gmt":"2020-04-15T18:40:56","guid":{"rendered":"https:\/\/lacorte.hu\/wp53\/?post_type=product&#038;p=333"},"modified":"2026-02-17T15:28:53","modified_gmt":"2026-02-17T14:28:53","slug":"apollo-toltott-cipo","status":"publish","type":"product","link":"https:\/\/lacorte.hu\/wp53\/termek\/apollo-toltott-cipo\/","title":{"rendered":"Apollo t\u00f6lt\u00f6tt cip\u00f3"},"content":{"rendered":"","protected":false},"excerpt":{"rendered":"<p>grillezett csirkemell, j\u00e9gsal\u00e1ta, rukkola, paradicsom, feta sajt, m\u00e9zes-must\u00e1ros \u00f6ntet<\/p>\n","protected":false},"featured_media":12900,"template":"","meta":[],"product_brand":[],"product_cat":[20],"product_tag":[],"class_list":{"0":"post-333","1":"product","2":"type-product","3":"status-publish","4":"has-post-thumbnail","6":"product_cat-toltott-cipok","8":"first","9":"instock","10":"shipping-taxable","11":"purchasable","12":"product-type-variable","13":"berocket_lgv_grid","14":"berocket_lgv_list_grid"},"_links":{"self":[{"href":"https:\/\/lacorte.hu\/wp53\/wp-json\/wp\/v2\/product\/333","targetHints":{"allow":["GET"]}}],"collection":[{"href":"https:\/\/lacorte.hu\/wp53\/wp-json\/wp\/v2\/product"}],"about":[{"href":"https:\/\/lacorte.hu\/wp53\/wp-json\/wp\/v2\/types\/product"}],"wp:featuredmedia":[{"embeddable":true,"href":"https:\/\/lacorte.hu\/wp53\/wp-json\/wp\/v2\/media\/12900"}],"wp:attachment":[{"href":"https:\/\/lacorte.hu\/wp53\/wp-json\/wp\/v2\/media?parent=333"}],"wp:term":[{"taxonomy":"product_brand","embeddable":true,"href":"https:\/\/lacorte.hu\/wp53\/wp-json\/wp\/v2\/product_brand?post=333"},{"taxonomy":"product_cat","embeddable":true,"href":"https:\/\/lacorte.hu\/wp53\/wp-json\/wp\/v2\/product_cat?post=333"},{"taxonomy":"product_tag","embeddable":true,"href":"https:\/\/lacorte.hu\/wp53\/wp-json\/wp\/v2\/product_tag?post=333"}],"curies":[{"name":"wp","href":"https:\/\/api.w.org\/{rel}","templated":true}]}}