{"id":336,"date":"2020-04-15T20:43:33","date_gmt":"2020-04-15T18:43:33","guid":{"rendered":"https:\/\/lacorte.hu\/wp53\/?post_type=product&#038;p=336"},"modified":"2025-06-07T14:39:21","modified_gmt":"2025-06-07T12:39:21","slug":"komodoi-toltott-cipo","status":"publish","type":"product","link":"https:\/\/lacorte.hu\/wp53\/termek\/komodoi-toltott-cipo\/","title":{"rendered":"Komod\u00f3i t\u00f6lt\u00f6tt cip\u00f3"},"content":{"rendered":"","protected":false},"excerpt":{"rendered":"<p>grillezett karaj \u00e9s bacon, j\u00e9gsal\u00e1ta, paradicsom, paprika, k\u00edgy\u00f3uborka, lilahagyma, joghurtos \u00f6ntet<\/p>\n","protected":false},"featured_media":13458,"template":"","meta":[],"product_brand":[],"product_cat":[20],"product_tag":[],"class_list":{"0":"post-336","1":"product","2":"type-product","3":"status-publish","4":"has-post-thumbnail","6":"product_cat-toltott-cipok","8":"first","9":"instock","10":"shipping-taxable","11":"purchasable","12":"product-type-variable","13":"berocket_lgv_grid","14":"berocket_lgv_list_grid"},"_links":{"self":[{"href":"https:\/\/lacorte.hu\/wp53\/wp-json\/wp\/v2\/product\/336","targetHints":{"allow":["GET"]}}],"collection":[{"href":"https:\/\/lacorte.hu\/wp53\/wp-json\/wp\/v2\/product"}],"about":[{"href":"https:\/\/lacorte.hu\/wp53\/wp-json\/wp\/v2\/types\/product"}],"wp:featuredmedia":[{"embeddable":true,"href":"https:\/\/lacorte.hu\/wp53\/wp-json\/wp\/v2\/media\/13458"}],"wp:attachment":[{"href":"https:\/\/lacorte.hu\/wp53\/wp-json\/wp\/v2\/media?parent=336"}],"wp:term":[{"taxonomy":"product_brand","embeddable":true,"href":"https:\/\/lacorte.hu\/wp53\/wp-json\/wp\/v2\/product_brand?post=336"},{"taxonomy":"product_cat","embeddable":true,"href":"https:\/\/lacorte.hu\/wp53\/wp-json\/wp\/v2\/product_cat?post=336"},{"taxonomy":"product_tag","embeddable":true,"href":"https:\/\/lacorte.hu\/wp53\/wp-json\/wp\/v2\/product_tag?post=336"}],"curies":[{"name":"wp","href":"https:\/\/api.w.org\/{rel}","templated":true}]}}