{"id":339,"date":"2020-04-15T20:45:29","date_gmt":"2020-04-15T18:45:29","guid":{"rendered":"https:\/\/lacorte.hu\/wp53\/?post_type=product&#038;p=339"},"modified":"2026-03-25T10:23:32","modified_gmt":"2026-03-25T09:23:32","slug":"kaledon-toltott-cipo","status":"publish","type":"product","link":"https:\/\/lacorte.hu\/wp53\/termek\/kaledon-toltott-cipo\/","title":{"rendered":"Kaled\u00f3n t\u00f6lt\u00f6tt cip\u00f3"},"content":{"rendered":"","protected":false},"excerpt":{"rendered":"<p>b\u00e9lsz\u00edncs\u00edkok, j\u00e9gsal\u00e1ta, paradicsom, paprika, k\u00edgy\u00f3uborka, lilahagyma, must\u00e1ros \u00f6ntet<\/p>\n","protected":false},"featured_media":14837,"template":"","meta":[],"product_brand":[],"product_cat":[20],"product_tag":[],"class_list":{"0":"post-339","1":"product","2":"type-product","3":"status-publish","4":"has-post-thumbnail","6":"product_cat-toltott-cipok","8":"first","9":"instock","10":"shipping-taxable","11":"purchasable","12":"product-type-variable","13":"berocket_lgv_grid","14":"berocket_lgv_list_grid"},"_links":{"self":[{"href":"https:\/\/lacorte.hu\/wp53\/wp-json\/wp\/v2\/product\/339","targetHints":{"allow":["GET"]}}],"collection":[{"href":"https:\/\/lacorte.hu\/wp53\/wp-json\/wp\/v2\/product"}],"about":[{"href":"https:\/\/lacorte.hu\/wp53\/wp-json\/wp\/v2\/types\/product"}],"wp:featuredmedia":[{"embeddable":true,"href":"https:\/\/lacorte.hu\/wp53\/wp-json\/wp\/v2\/media\/14837"}],"wp:attachment":[{"href":"https:\/\/lacorte.hu\/wp53\/wp-json\/wp\/v2\/media?parent=339"}],"wp:term":[{"taxonomy":"product_brand","embeddable":true,"href":"https:\/\/lacorte.hu\/wp53\/wp-json\/wp\/v2\/product_brand?post=339"},{"taxonomy":"product_cat","embeddable":true,"href":"https:\/\/lacorte.hu\/wp53\/wp-json\/wp\/v2\/product_cat?post=339"},{"taxonomy":"product_tag","embeddable":true,"href":"https:\/\/lacorte.hu\/wp53\/wp-json\/wp\/v2\/product_tag?post=339"}],"curies":[{"name":"wp","href":"https:\/\/api.w.org\/{rel}","templated":true}]}}