{"id":342,"date":"2020-04-15T20:47:01","date_gmt":"2020-04-15T18:47:01","guid":{"rendered":"https:\/\/lacorte.hu\/wp53\/?post_type=product&#038;p=342"},"modified":"2025-04-16T09:58:01","modified_gmt":"2025-04-16T07:58:01","slug":"santorini-toltott-cipo","status":"publish","type":"product","link":"https:\/\/lacorte.hu\/wp53\/termek\/santorini-toltott-cipo\/","title":{"rendered":"Santorini t\u00f6lt\u00f6tt cip\u00f3"},"content":{"rendered":"","protected":false},"excerpt":{"rendered":"<p>tonhal, f\u0151tt toj\u00e1s, j\u00e9gsal\u00e1ta, paradicsom, paprika, k\u00edgy\u00f3uborka, lilahagyma, ol\u00edvabogy\u00f3, tart\u00e1rm\u00e1rt\u00e1s<\/p>\n","protected":false},"featured_media":13474,"template":"","meta":[],"product_brand":[],"product_cat":[20],"product_tag":[],"class_list":{"0":"post-342","1":"product","2":"type-product","3":"status-publish","4":"has-post-thumbnail","6":"product_cat-toltott-cipok","8":"first","9":"instock","10":"shipping-taxable","11":"purchasable","12":"product-type-variable","13":"berocket_lgv_grid","14":"berocket_lgv_list_grid"},"_links":{"self":[{"href":"https:\/\/lacorte.hu\/wp53\/wp-json\/wp\/v2\/product\/342","targetHints":{"allow":["GET"]}}],"collection":[{"href":"https:\/\/lacorte.hu\/wp53\/wp-json\/wp\/v2\/product"}],"about":[{"href":"https:\/\/lacorte.hu\/wp53\/wp-json\/wp\/v2\/types\/product"}],"wp:featuredmedia":[{"embeddable":true,"href":"https:\/\/lacorte.hu\/wp53\/wp-json\/wp\/v2\/media\/13474"}],"wp:attachment":[{"href":"https:\/\/lacorte.hu\/wp53\/wp-json\/wp\/v2\/media?parent=342"}],"wp:term":[{"taxonomy":"product_brand","embeddable":true,"href":"https:\/\/lacorte.hu\/wp53\/wp-json\/wp\/v2\/product_brand?post=342"},{"taxonomy":"product_cat","embeddable":true,"href":"https:\/\/lacorte.hu\/wp53\/wp-json\/wp\/v2\/product_cat?post=342"},{"taxonomy":"product_tag","embeddable":true,"href":"https:\/\/lacorte.hu\/wp53\/wp-json\/wp\/v2\/product_tag?post=342"}],"curies":[{"name":"wp","href":"https:\/\/api.w.org\/{rel}","templated":true}]}}