{"id":453,"date":"2020-04-16T07:04:49","date_gmt":"2020-04-16T05:04:49","guid":{"rendered":"https:\/\/lacorte.hu\/wp53\/?post_type=product&#038;p=453"},"modified":"2026-04-11T10:28:27","modified_gmt":"2026-04-11T08:28:27","slug":"negysajt-pizza","status":"publish","type":"product","link":"https:\/\/lacorte.hu\/wp53\/termek\/negysajt-pizza\/","title":{"rendered":"N\u00e9gysajt pizza"},"content":{"rendered":"","protected":false},"excerpt":{"rendered":"<p>Paradicsomos alap, sajt, f\u00fcst\u00f6lt sajt, m\u00e1rv\u00e1nysajt, feta<\/p>\n","protected":false},"featured_media":47020,"template":"","meta":[],"product_brand":[],"product_cat":[18,24],"product_tag":[],"class_list":{"0":"post-453","1":"product","2":"type-product","3":"status-publish","4":"has-post-thumbnail","6":"product_cat-pizzak","7":"product_cat-vegetarianus-etelek","9":"first","10":"instock","11":"shipping-taxable","12":"purchasable","13":"product-type-variable","14":"berocket_lgv_grid","15":"berocket_lgv_list_grid"},"_links":{"self":[{"href":"https:\/\/lacorte.hu\/wp53\/wp-json\/wp\/v2\/product\/453","targetHints":{"allow":["GET"]}}],"collection":[{"href":"https:\/\/lacorte.hu\/wp53\/wp-json\/wp\/v2\/product"}],"about":[{"href":"https:\/\/lacorte.hu\/wp53\/wp-json\/wp\/v2\/types\/product"}],"wp:featuredmedia":[{"embeddable":true,"href":"https:\/\/lacorte.hu\/wp53\/wp-json\/wp\/v2\/media\/47020"}],"wp:attachment":[{"href":"https:\/\/lacorte.hu\/wp53\/wp-json\/wp\/v2\/media?parent=453"}],"wp:term":[{"taxonomy":"product_brand","embeddable":true,"href":"https:\/\/lacorte.hu\/wp53\/wp-json\/wp\/v2\/product_brand?post=453"},{"taxonomy":"product_cat","embeddable":true,"href":"https:\/\/lacorte.hu\/wp53\/wp-json\/wp\/v2\/product_cat?post=453"},{"taxonomy":"product_tag","embeddable":true,"href":"https:\/\/lacorte.hu\/wp53\/wp-json\/wp\/v2\/product_tag?post=453"}],"curies":[{"name":"wp","href":"https:\/\/api.w.org\/{rel}","templated":true}]}}