{"id":512,"date":"2020-04-16T23:58:30","date_gmt":"2020-04-16T21:58:30","guid":{"rendered":"https:\/\/lacorte.hu\/wp53\/?post_type=product&#038;p=512"},"modified":"2026-03-05T20:48:48","modified_gmt":"2026-03-05T19:48:48","slug":"dariusz-pizza","status":"publish","type":"product","link":"https:\/\/lacorte.hu\/wp53\/termek\/dariusz-pizza\/","title":{"rendered":"D\u00e1riusz pizza"},"content":{"rendered":"","protected":false},"excerpt":{"rendered":"<p>Paradicsomos alap, sajt, kolb\u00e1szkarika, hagyma, toj\u00e1s, hegyes er\u0151s<\/p>\n","protected":false},"featured_media":47019,"template":"","meta":[],"product_brand":[],"product_cat":[18],"product_tag":[],"class_list":{"0":"post-512","1":"product","2":"type-product","3":"status-publish","4":"has-post-thumbnail","6":"product_cat-pizzak","8":"first","9":"instock","10":"shipping-taxable","11":"purchasable","12":"product-type-variable","13":"berocket_lgv_grid","14":"berocket_lgv_list_grid"},"_links":{"self":[{"href":"https:\/\/lacorte.hu\/wp53\/wp-json\/wp\/v2\/product\/512","targetHints":{"allow":["GET"]}}],"collection":[{"href":"https:\/\/lacorte.hu\/wp53\/wp-json\/wp\/v2\/product"}],"about":[{"href":"https:\/\/lacorte.hu\/wp53\/wp-json\/wp\/v2\/types\/product"}],"wp:featuredmedia":[{"embeddable":true,"href":"https:\/\/lacorte.hu\/wp53\/wp-json\/wp\/v2\/media\/47019"}],"wp:attachment":[{"href":"https:\/\/lacorte.hu\/wp53\/wp-json\/wp\/v2\/media?parent=512"}],"wp:term":[{"taxonomy":"product_brand","embeddable":true,"href":"https:\/\/lacorte.hu\/wp53\/wp-json\/wp\/v2\/product_brand?post=512"},{"taxonomy":"product_cat","embeddable":true,"href":"https:\/\/lacorte.hu\/wp53\/wp-json\/wp\/v2\/product_cat?post=512"},{"taxonomy":"product_tag","embeddable":true,"href":"https:\/\/lacorte.hu\/wp53\/wp-json\/wp\/v2\/product_tag?post=512"}],"curies":[{"name":"wp","href":"https:\/\/api.w.org\/{rel}","templated":true}]}}