{"id":524,"date":"2020-04-17T00:09:23","date_gmt":"2020-04-16T22:09:23","guid":{"rendered":"https:\/\/lacorte.hu\/wp53\/?post_type=product&#038;p=524"},"modified":"2026-03-05T20:48:48","modified_gmt":"2026-03-05T19:48:48","slug":"torpedo-pizza","status":"publish","type":"product","link":"https:\/\/lacorte.hu\/wp53\/termek\/torpedo-pizza\/","title":{"rendered":"Torped\u00f3 pizza"},"content":{"rendered":"","protected":false},"excerpt":{"rendered":"<p>Paradicsomos alap, sajt, bacon, Pick szal\u00e1mi, paprik\u00e1s szal\u00e1mi, pfefferoni<\/p>\n","protected":false},"featured_media":46851,"template":"","meta":[],"product_brand":[],"product_cat":[18],"product_tag":[],"class_list":{"0":"post-524","1":"product","2":"type-product","3":"status-publish","4":"has-post-thumbnail","6":"product_cat-pizzak","8":"first","9":"instock","10":"shipping-taxable","11":"purchasable","12":"product-type-variable","13":"berocket_lgv_grid","14":"berocket_lgv_list_grid"},"_links":{"self":[{"href":"https:\/\/lacorte.hu\/wp53\/wp-json\/wp\/v2\/product\/524","targetHints":{"allow":["GET"]}}],"collection":[{"href":"https:\/\/lacorte.hu\/wp53\/wp-json\/wp\/v2\/product"}],"about":[{"href":"https:\/\/lacorte.hu\/wp53\/wp-json\/wp\/v2\/types\/product"}],"wp:featuredmedia":[{"embeddable":true,"href":"https:\/\/lacorte.hu\/wp53\/wp-json\/wp\/v2\/media\/46851"}],"wp:attachment":[{"href":"https:\/\/lacorte.hu\/wp53\/wp-json\/wp\/v2\/media?parent=524"}],"wp:term":[{"taxonomy":"product_brand","embeddable":true,"href":"https:\/\/lacorte.hu\/wp53\/wp-json\/wp\/v2\/product_brand?post=524"},{"taxonomy":"product_cat","embeddable":true,"href":"https:\/\/lacorte.hu\/wp53\/wp-json\/wp\/v2\/product_cat?post=524"},{"taxonomy":"product_tag","embeddable":true,"href":"https:\/\/lacorte.hu\/wp53\/wp-json\/wp\/v2\/product_tag?post=524"}],"curies":[{"name":"wp","href":"https:\/\/api.w.org\/{rel}","templated":true}]}}