{"id":5791,"date":"2020-11-13T17:21:50","date_gmt":"2020-11-13T16:21:50","guid":{"rendered":"https:\/\/lacorte.hu\/wp53\/?post_type=product&#038;p=5791"},"modified":"2025-01-30T11:11:43","modified_gmt":"2025-01-30T10:11:43","slug":"le-tour-de-duzsi-szekszard","status":"publish","type":"product","link":"https:\/\/lacorte.hu\/wp53\/termek\/le-tour-de-duzsi-szekszard\/","title":{"rendered":"Frittmann Cserszegi F\u0171szeres (KUNS\u00c1G) 0,75l"},"content":{"rendered":"","protected":false},"excerpt":{"rendered":"<p>K\u00e9kfrankos, merlot, cabernet &amp; zweigelt szeksz\u00e1rdi h\u00e1zas\u00edt\u00e1sa.<\/p>\n","protected":false},"featured_media":0,"template":"","meta":[],"product_brand":[],"product_cat":[43,45],"product_tag":[],"class_list":{"0":"post-5791","1":"product","2":"type-product","3":"status-publish","5":"product_cat-borok","6":"product_cat-voros-borok","8":"first","9":"instock","10":"shipping-taxable","11":"purchasable","12":"product-type-simple","13":"berocket_lgv_grid","14":"berocket_lgv_list_grid"},"_links":{"self":[{"href":"https:\/\/lacorte.hu\/wp53\/wp-json\/wp\/v2\/product\/5791","targetHints":{"allow":["GET"]}}],"collection":[{"href":"https:\/\/lacorte.hu\/wp53\/wp-json\/wp\/v2\/product"}],"about":[{"href":"https:\/\/lacorte.hu\/wp53\/wp-json\/wp\/v2\/types\/product"}],"wp:attachment":[{"href":"https:\/\/lacorte.hu\/wp53\/wp-json\/wp\/v2\/media?parent=5791"}],"wp:term":[{"taxonomy":"product_brand","embeddable":true,"href":"https:\/\/lacorte.hu\/wp53\/wp-json\/wp\/v2\/product_brand?post=5791"},{"taxonomy":"product_cat","embeddable":true,"href":"https:\/\/lacorte.hu\/wp53\/wp-json\/wp\/v2\/product_cat?post=5791"},{"taxonomy":"product_tag","embeddable":true,"href":"https:\/\/lacorte.hu\/wp53\/wp-json\/wp\/v2\/product_tag?post=5791"}],"curies":[{"name":"wp","href":"https:\/\/api.w.org\/{rel}","templated":true}]}}