{"id":862,"date":"2020-05-10T13:41:23","date_gmt":"2020-05-10T11:41:23","guid":{"rendered":"https:\/\/lacorte.hu\/wp53\/?post_type=product&#038;p=862"},"modified":"2026-04-19T10:24:17","modified_gmt":"2026-04-19T08:24:17","slug":"naturaqua-mentes-1-5l","status":"publish","type":"product","link":"https:\/\/lacorte.hu\/wp53\/termek\/naturaqua-mentes-1-5l\/","title":{"rendered":"Naturaqua (mentes) 1.5L"},"content":{"rendered":"","protected":false},"excerpt":{"rendered":"<p>Kiz\u00e1r\u00f3lag h\u00e1zhozsz\u00e1ll\u00edt\u00e1sra vonatkoz\u00f3 \u00e1r<\/p>\n","protected":false},"featured_media":0,"template":"","meta":[],"product_brand":[],"product_cat":[35],"product_tag":[],"class_list":{"0":"post-862","1":"product","2":"type-product","3":"status-publish","5":"product_cat-uditok","7":"first","8":"outofstock","9":"shipping-taxable","10":"purchasable","11":"product-type-simple","12":"berocket_lgv_grid","13":"berocket_lgv_list_grid"},"_links":{"self":[{"href":"https:\/\/lacorte.hu\/wp53\/wp-json\/wp\/v2\/product\/862","targetHints":{"allow":["GET"]}}],"collection":[{"href":"https:\/\/lacorte.hu\/wp53\/wp-json\/wp\/v2\/product"}],"about":[{"href":"https:\/\/lacorte.hu\/wp53\/wp-json\/wp\/v2\/types\/product"}],"wp:attachment":[{"href":"https:\/\/lacorte.hu\/wp53\/wp-json\/wp\/v2\/media?parent=862"}],"wp:term":[{"taxonomy":"product_brand","embeddable":true,"href":"https:\/\/lacorte.hu\/wp53\/wp-json\/wp\/v2\/product_brand?post=862"},{"taxonomy":"product_cat","embeddable":true,"href":"https:\/\/lacorte.hu\/wp53\/wp-json\/wp\/v2\/product_cat?post=862"},{"taxonomy":"product_tag","embeddable":true,"href":"https:\/\/lacorte.hu\/wp53\/wp-json\/wp\/v2\/product_tag?post=862"}],"curies":[{"name":"wp","href":"https:\/\/api.w.org\/{rel}","templated":true}]}}