{"id":925,"date":"2020-05-10T14:59:10","date_gmt":"2020-05-10T12:59:10","guid":{"rendered":"https:\/\/lacorte.hu\/wp53\/?post_type=product&#038;p=925"},"modified":"2025-01-30T11:11:43","modified_gmt":"2025-01-30T10:11:43","slug":"thummerer-trefli-cuvee-2014-edes-eger-075l","status":"publish","type":"product","link":"https:\/\/lacorte.hu\/wp53\/termek\/thummerer-trefli-cuvee-2014-edes-eger-075l\/","title":{"rendered":"Thummerer Tr\u00e9fli Cuv\u00e9e (\u00e9des) (EGER) 0,75l"},"content":{"rendered":"","protected":false},"excerpt":{"rendered":"","protected":false},"featured_media":0,"template":"","meta":[],"product_brand":[],"product_cat":[45],"product_tag":[],"class_list":{"0":"post-925","1":"product","2":"type-product","3":"status-publish","5":"product_cat-voros-borok","7":"first","8":"instock","9":"shipping-taxable","10":"purchasable","11":"product-type-simple","12":"berocket_lgv_grid","13":"berocket_lgv_list_grid"},"_links":{"self":[{"href":"https:\/\/lacorte.hu\/wp53\/wp-json\/wp\/v2\/product\/925","targetHints":{"allow":["GET"]}}],"collection":[{"href":"https:\/\/lacorte.hu\/wp53\/wp-json\/wp\/v2\/product"}],"about":[{"href":"https:\/\/lacorte.hu\/wp53\/wp-json\/wp\/v2\/types\/product"}],"wp:attachment":[{"href":"https:\/\/lacorte.hu\/wp53\/wp-json\/wp\/v2\/media?parent=925"}],"wp:term":[{"taxonomy":"product_brand","embeddable":true,"href":"https:\/\/lacorte.hu\/wp53\/wp-json\/wp\/v2\/product_brand?post=925"},{"taxonomy":"product_cat","embeddable":true,"href":"https:\/\/lacorte.hu\/wp53\/wp-json\/wp\/v2\/product_cat?post=925"},{"taxonomy":"product_tag","embeddable":true,"href":"https:\/\/lacorte.hu\/wp53\/wp-json\/wp\/v2\/product_tag?post=925"}],"curies":[{"name":"wp","href":"https:\/\/api.w.org\/{rel}","templated":true}]}}