{"id":933,"date":"2020-05-10T15:04:10","date_gmt":"2020-05-10T13:04:10","guid":{"rendered":"https:\/\/lacorte.hu\/wp53\/?post_type=product&#038;p=933"},"modified":"2023-04-27T10:12:56","modified_gmt":"2023-04-27T08:12:56","slug":"tartarmartas","status":"publish","type":"product","link":"https:\/\/lacorte.hu\/wp53\/termek\/tartarmartas\/","title":{"rendered":"Tart\u00e1rm\u00e1rt\u00e1s"},"content":{"rendered":"","protected":false},"excerpt":{"rendered":"","protected":false},"featured_media":0,"template":"","meta":[],"product_brand":[],"product_cat":[29],"product_tag":[],"class_list":{"0":"post-933","1":"product","2":"type-product","3":"status-publish","5":"product_cat-szoszok-kiegeszitok","7":"first","8":"instock","9":"shipping-taxable","10":"purchasable","11":"product-type-simple","12":"berocket_lgv_grid","13":"berocket_lgv_list_grid"},"_links":{"self":[{"href":"https:\/\/lacorte.hu\/wp53\/wp-json\/wp\/v2\/product\/933","targetHints":{"allow":["GET"]}}],"collection":[{"href":"https:\/\/lacorte.hu\/wp53\/wp-json\/wp\/v2\/product"}],"about":[{"href":"https:\/\/lacorte.hu\/wp53\/wp-json\/wp\/v2\/types\/product"}],"wp:attachment":[{"href":"https:\/\/lacorte.hu\/wp53\/wp-json\/wp\/v2\/media?parent=933"}],"wp:term":[{"taxonomy":"product_brand","embeddable":true,"href":"https:\/\/lacorte.hu\/wp53\/wp-json\/wp\/v2\/product_brand?post=933"},{"taxonomy":"product_cat","embeddable":true,"href":"https:\/\/lacorte.hu\/wp53\/wp-json\/wp\/v2\/product_cat?post=933"},{"taxonomy":"product_tag","embeddable":true,"href":"https:\/\/lacorte.hu\/wp53\/wp-json\/wp\/v2\/product_tag?post=933"}],"curies":[{"name":"wp","href":"https:\/\/api.w.org\/{rel}","templated":true}]}}