{"id":934,"date":"2020-05-10T15:05:55","date_gmt":"2020-05-10T13:05:55","guid":{"rendered":"https:\/\/lacorte.hu\/wp53\/?post_type=product&#038;p=934"},"modified":"2023-04-27T10:14:04","modified_gmt":"2023-04-27T08:14:04","slug":"evoeszkoz-muanyag-kes-villa-kanal-szalveta","status":"publish","type":"product","link":"https:\/\/lacorte.hu\/wp53\/termek\/evoeszkoz-muanyag-kes-villa-kanal-szalveta\/","title":{"rendered":"Ev\u0151eszk\u00f6z (k\u00e9s, villa, kan\u00e1l, szalv\u00e9ta)"},"content":{"rendered":"","protected":false},"excerpt":{"rendered":"","protected":false},"featured_media":0,"template":"","meta":[],"product_brand":[],"product_cat":[29],"product_tag":[],"class_list":{"0":"post-934","1":"product","2":"type-product","3":"status-publish","5":"product_cat-szoszok-kiegeszitok","7":"first","8":"instock","9":"shipping-taxable","10":"purchasable","11":"product-type-simple","12":"berocket_lgv_grid","13":"berocket_lgv_list_grid"},"_links":{"self":[{"href":"https:\/\/lacorte.hu\/wp53\/wp-json\/wp\/v2\/product\/934","targetHints":{"allow":["GET"]}}],"collection":[{"href":"https:\/\/lacorte.hu\/wp53\/wp-json\/wp\/v2\/product"}],"about":[{"href":"https:\/\/lacorte.hu\/wp53\/wp-json\/wp\/v2\/types\/product"}],"wp:attachment":[{"href":"https:\/\/lacorte.hu\/wp53\/wp-json\/wp\/v2\/media?parent=934"}],"wp:term":[{"taxonomy":"product_brand","embeddable":true,"href":"https:\/\/lacorte.hu\/wp53\/wp-json\/wp\/v2\/product_brand?post=934"},{"taxonomy":"product_cat","embeddable":true,"href":"https:\/\/lacorte.hu\/wp53\/wp-json\/wp\/v2\/product_cat?post=934"},{"taxonomy":"product_tag","embeddable":true,"href":"https:\/\/lacorte.hu\/wp53\/wp-json\/wp\/v2\/product_tag?post=934"}],"curies":[{"name":"wp","href":"https:\/\/api.w.org\/{rel}","templated":true}]}}